{"id":15977,"date":"2017-09-05T09:23:21","date_gmt":"2017-09-05T09:23:21","guid":{"rendered":"http:\/\/dentaltecartherapy.com\/?page_id=15977"},"modified":"2022-05-26T07:04:47","modified_gmt":"2022-05-26T07:04:47","slug":"casos-clinicos","status":"publish","type":"page","link":"http:\/\/dentaltecartherapy.com\/en\/casos-clinicos","title":{"rendered":"Casos cl\u00ednicos y Estudios cient\u00edficosClinical Cases and Scientific StudiesCas cliniques et \u00e9tudes scientifiques"},"content":{"rendered":"","protected":true},"excerpt":{"rendered":"","protected":true},"author":2,"featured_media":0,"parent":0,"menu_order":0,"comment_status":"closed","ping_status":"closed","template":"","meta":[],"_links":{"self":[{"href":"http:\/\/dentaltecartherapy.com\/en\/wp-json\/wp\/v2\/pages\/15977"}],"collection":[{"href":"http:\/\/dentaltecartherapy.com\/en\/wp-json\/wp\/v2\/pages"}],"about":[{"href":"http:\/\/dentaltecartherapy.com\/en\/wp-json\/wp\/v2\/types\/page"}],"author":[{"embeddable":true,"href":"http:\/\/dentaltecartherapy.com\/en\/wp-json\/wp\/v2\/users\/2"}],"replies":[{"embeddable":true,"href":"http:\/\/dentaltecartherapy.com\/en\/wp-json\/wp\/v2\/comments?post=15977"}],"version-history":[{"count":39,"href":"http:\/\/dentaltecartherapy.com\/en\/wp-json\/wp\/v2\/pages\/15977\/revisions"}],"predecessor-version":[{"id":16806,"href":"http:\/\/dentaltecartherapy.com\/en\/wp-json\/wp\/v2\/pages\/15977\/revisions\/16806"}],"wp:attachment":[{"href":"http:\/\/dentaltecartherapy.com\/en\/wp-json\/wp\/v2\/media?parent=15977"}],"curies":[{"name":"wp","href":"https:\/\/api.w.org\/{rel}","templated":true}]}}